{"id":40,"date":"2022-11-01T07:55:12","date_gmt":"2022-11-01T07:55:12","guid":{"rendered":"https:\/\/schnitzelbank-benefiz-abend.ch\/?page_id=40"},"modified":"2026-03-14T16:29:25","modified_gmt":"2026-03-14T16:29:25","slug":"schnitzelbank-abend","status":"publish","type":"page","link":"https:\/\/schnitzelbank-benefiz-abend.ch\/?page_id=40","title":{"rendered":"Schnitzelbank-Abend"},"content":{"rendered":"\n<p>Kurz vor der Fasnacht am Aeschermittwoch die volle Ladung Schnitzelb\u00e4nke geniessen am Schnitzelbank-Benefiz-Abend. <br>Es treten rund acht top Schnitzelb\u00e4nke auf im fantastischen Ambiente eines der sch\u00f6nsten Cliquenkeller der Stadt (Stainlemer Alte Garde, Nadelberg 6). <br>Vor, zwischen und nach den B\u00e4nken serviert das Team des unterst\u00fctzten Projektes und stellt w\u00e4hrend der Pause auch ihr <a href=\"https:\/\/schnitzelbank-benefiz-abend.ch\/?cat=9\" data-type=\"category\" data-id=\"9\">Projekt<\/a> vor. <br>Abgerundet wird der Abend durch den musikalischen Beitrag der Stainlemer. Tickets f\u00fcr 100.- gibts <a href=\"https:\/\/schnitzelbank-benefiz-abend.ch\/?page_id=34\" data-type=\"page\" data-id=\"34\">hier<\/a>. <br><strong>Die Schnitzelb\u00e4nk 2026:<\/strong><br>Ein R\u00fcckblick auf den Schnitzelbank-Benefiz-Abend vom 18. Februar.2026:<br>Einerseits freuen wir uns, dass beinahe alle Schnitzelb\u00e4nke vom letzten Jahr wieder dabei waren.<br>UND wir freuten uns das wir die <strong>Wanderratte<\/strong>  zum ersten mal bei uns Begr\u00fcssen durften  &#8211; Herzlich willkommen in der Gilde der Benefiz-B\u00e4nggler!<\/p>\n\n\n\n<div class=\"wp-block-columns is-layout-flex wp-container-core-columns-is-layout-9d6595d7 wp-block-columns-is-layout-flex\">\n<div class=\"wp-block-column is-layout-flow wp-block-column-is-layout-flow\">\n<figure class=\"wp-block-image size-large has-custom-border is-resized\"><img decoding=\"async\" src=\"https:\/\/storage.googleapis.com\/scb-wa-strapi-upload-data\/Dintelimpli_2022_Impression_08_aa71b1a43b\/Dintelimpli_2022_Impression_08_aa71b1a43b.jpg\" alt=\"Quelle: Schnitzelbank-Comit\u00e9\" style=\"border-radius:20px\"\/><figcaption class=\"wp-element-caption\">S Dintelimpli &#8211; Quelle: <a href=\"https:\/\/www.schnitzelbankbasel.ch\/view\/bank.html?id=495\" data-type=\"URL\" data-id=\"www.schnitzelbankbasel.ch\" target=\"_blank\" rel=\"noreferrer noopener\">Schnitzelbank-Comit\u00e9<\/a><\/figcaption><\/figure>\n\n\n\n<figure class=\"wp-block-image size-large has-custom-border is-resized\"><img decoding=\"async\" src=\"https:\/\/storage.googleapis.com\/scb-wa-strapi-upload-data\/Dreydaagsfliege_2022_Impression_07_0554f7fd0b\/Dreydaagsfliege_2022_Impression_07_0554f7fd0b.jpg\" alt=\"\" style=\"border-radius:20px\"\/><figcaption class=\"wp-element-caption\">D Dreydaagsfliege &#8211; Quelle: <a rel=\"noreferrer noopener\" href=\"https:\/\/www.schnitzelbankbasel.ch\/view\/bank.html?id=3\" data-type=\"URL\" target=\"_blank\">Schnitzelbank-Comit\u00e9<\/a><\/figcaption><\/figure>\n\n\n\n<figure class=\"wp-block-image size-full is-resized has-custom-border\"><a href=\"https:\/\/schnitzelbank-benefiz-abend.ch\/wp-content\/uploads\/2026\/03\/Screenshot-2026-03-13-180127.png\"><img loading=\"lazy\" decoding=\"async\" width=\"376\" height=\"211\" src=\"https:\/\/schnitzelbank-benefiz-abend.ch\/wp-content\/uploads\/2026\/03\/Screenshot-2026-03-13-180127.png\" alt=\"\" class=\"wp-image-396\" style=\"border-radius:20px;aspect-ratio:1.7820107876961953;object-fit:contain;width:581px;height:auto\" srcset=\"https:\/\/schnitzelbank-benefiz-abend.ch\/wp-content\/uploads\/2026\/03\/Screenshot-2026-03-13-180127.png 376w, https:\/\/schnitzelbank-benefiz-abend.ch\/wp-content\/uploads\/2026\/03\/Screenshot-2026-03-13-180127-300x168.png 300w\" sizes=\"auto, (max-width: 376px) 100vw, 376px\" \/><\/a><figcaption class=\"wp-element-caption\">Wanderratte- Quelle: <a href=\"https:\/\/www.schnitzelbankbasel.ch\/view\/bank.html?id=466\" data-type=\"link\" data-id=\"https:\/\/www.schnitzelbankbasel.ch\/view\/bank.html?id=466\">Schnitzelbank-Comite<\/a><\/figcaption><\/figure>\n\n\n<div class=\"wp-block-image is-resized\">\n<figure class=\"alignleft size-large has-custom-border\"><img loading=\"lazy\" decoding=\"async\" width=\"1024\" height=\"683\" src=\"https:\/\/schnitzelbank-benefiz-abend.ch\/wp-content\/uploads\/2026\/03\/d6a1cb52-4858-4749-8ac3-519f01b15bbb-1024x683.jpg\" alt=\"\" class=\"wp-image-397\" style=\"border-radius:20px\" srcset=\"https:\/\/schnitzelbank-benefiz-abend.ch\/wp-content\/uploads\/2026\/03\/d6a1cb52-4858-4749-8ac3-519f01b15bbb-1024x683.jpg 1024w, https:\/\/schnitzelbank-benefiz-abend.ch\/wp-content\/uploads\/2026\/03\/d6a1cb52-4858-4749-8ac3-519f01b15bbb-300x200.jpg 300w, https:\/\/schnitzelbank-benefiz-abend.ch\/wp-content\/uploads\/2026\/03\/d6a1cb52-4858-4749-8ac3-519f01b15bbb-768x512.jpg 768w, https:\/\/schnitzelbank-benefiz-abend.ch\/wp-content\/uploads\/2026\/03\/d6a1cb52-4858-4749-8ac3-519f01b15bbb-1536x1024.jpg 1536w, https:\/\/schnitzelbank-benefiz-abend.ch\/wp-content\/uploads\/2026\/03\/d6a1cb52-4858-4749-8ac3-519f01b15bbb-930x620.jpg 930w, https:\/\/schnitzelbank-benefiz-abend.ch\/wp-content\/uploads\/2026\/03\/d6a1cb52-4858-4749-8ac3-519f01b15bbb.jpg 1890w\" sizes=\"auto, (max-width: 1024px) 100vw, 1024px\" \/><figcaption class=\"wp-element-caption\">Yysebahn -Quelle: <a href=\"https:\/\/www.schnitzelbank-comite.ch\/view\/bank.html?id=501\" data-type=\"link\" data-id=\"https:\/\/www.schnitzelbankbasel.ch\/view\/bank.html?id=447\">Schnitzelbank-Comite<\/a><\/figcaption><\/figure>\n<\/div>\n\n\n<ul class=\"wp-block-list\">\n<li><\/li>\n<\/ul>\n<\/div>\n\n\n\n<div class=\"wp-block-column is-layout-flow wp-block-column-is-layout-flow\">\n<figure class=\"wp-block-image size-large has-custom-border is-resized is-style-default\"><img decoding=\"async\" src=\"https:\/\/storage.googleapis.com\/scb-wa-strapi-upload-data\/Heiri_2022_Impression_08_2f297d774a\/Heiri_2022_Impression_08_2f297d774a.jpg\" alt=\"\" style=\"border-radius:20px\"\/><figcaption class=\"wp-element-caption\">Dr Heiri &#8211; Quelle: <a rel=\"noreferrer noopener\" href=\"https:\/\/www.schnitzelbankbasel.ch\/view\/bank.html?id=449\" data-type=\"URL\" data-id=\"https:\/\/www.schnitzelbankbasel.ch\/view\/bank.html?id=449\" target=\"_blank\">Schnitzelbank-Comit\u00e9<\/a><\/figcaption><\/figure>\n\n\n\n<div class=\"wp-block-group\"><div class=\"wp-block-group__inner-container is-layout-constrained wp-block-group-is-layout-constrained\">\n<div class=\"wp-block-columns is-layout-flex wp-container-core-columns-is-layout-9d6595d7 wp-block-columns-is-layout-flex\">\n<div class=\"wp-block-column is-layout-flow wp-block-column-is-layout-flow\" style=\"flex-basis:100%\">\n<figure class=\"wp-block-image alignwide size-large has-custom-border is-resized\"><a href=\"https:\/\/www.schnitzelbankbasel.ch\/view\/bank.html?id=477\" target=\"_blank\" rel=\"noreferrer noopener\"><img loading=\"lazy\" decoding=\"async\" width=\"1024\" height=\"683\" src=\"https:\/\/schnitzelbank-benefiz-abend.ch\/wp-content\/uploads\/2024\/09\/Spootschicht_Rhygass-24-1024x683.jpg\" alt=\"\" class=\"wp-image-298\" style=\"border-radius:20px\" srcset=\"https:\/\/schnitzelbank-benefiz-abend.ch\/wp-content\/uploads\/2024\/09\/Spootschicht_Rhygass-24-1024x683.jpg 1024w, https:\/\/schnitzelbank-benefiz-abend.ch\/wp-content\/uploads\/2024\/09\/Spootschicht_Rhygass-24-300x200.jpg 300w, https:\/\/schnitzelbank-benefiz-abend.ch\/wp-content\/uploads\/2024\/09\/Spootschicht_Rhygass-24-768x512.jpg 768w, https:\/\/schnitzelbank-benefiz-abend.ch\/wp-content\/uploads\/2024\/09\/Spootschicht_Rhygass-24-1536x1024.jpg 1536w, https:\/\/schnitzelbank-benefiz-abend.ch\/wp-content\/uploads\/2024\/09\/Spootschicht_Rhygass-24-2048x1366.jpg 2048w, https:\/\/schnitzelbank-benefiz-abend.ch\/wp-content\/uploads\/2024\/09\/Spootschicht_Rhygass-24-930x620.jpg 930w\" sizes=\"auto, (max-width: 1024px) 100vw, 1024px\" \/><\/a><figcaption class=\"wp-element-caption\">Spootschicht Rhygass &#8211; Quelle: <a href=\"https:\/\/www.schnitzelbankbasel.ch\/view\/bank.html?id=477\">Schnitzelbank-Comit\u00e9<\/a><\/figcaption><\/figure>\n\n\n\n<p><\/p>\n<\/div>\n<\/div>\n<\/div><\/div>\n\n\n\n<figure class=\"wp-block-image size-large has-custom-border is-resized\"><img decoding=\"async\" src=\"https:\/\/storage.googleapis.com\/scb-wa-strapi-upload-data\/Singvogel_2022_Impression_05_cfd5a74176\/Singvogel_2022_Impression_05_cfd5a74176.jpg\" alt=\"\" style=\"border-radius:20px\"\/><figcaption class=\"wp-element-caption\">Dr Singvogel &#8211; Quelle: <a rel=\"noreferrer noopener\" href=\"https:\/\/www.schnitzelbankbasel.ch\/view\/bank.html?id=2\" target=\"_blank\">Schnitzelbank-Comit\u00e9<\/a><\/figcaption><\/figure>\n\n\n\n<figure class=\"wp-block-gallery has-nested-images columns-default is-cropped wp-block-gallery-1 is-layout-flex wp-block-gallery-is-layout-flex\">\n<figure class=\"wp-block-image size-large has-custom-border is-resized\"><img decoding=\"async\" src=\"https:\/\/storage.googleapis.com\/scb-wa-strapi-upload-data\/Schnaabelwetzer_2022_Impression_06_4052cc31ad\/Schnaabelwetzer_2022_Impression_06_4052cc31ad.jpg\" alt=\"\" style=\"border-radius:20px\"\/><figcaption class=\"wp-element-caption\">D Schnaabelwetzer &#8211; Quelle: <a href=\"https:\/\/www.schnitzelbankbasel.ch\/view\/bank.html?id=447\" data-type=\"URL\" data-id=\"https:\/\/www.schnitzelbankbasel.ch\/view\/bank.html?id=447\" target=\"_blank\" rel=\"noreferrer noopener\">Schnitzelbank-Comit\u00e9<\/a><\/figcaption><\/figure>\n<\/figure>\n<\/div>\n<\/div>\n\n\n\n<p><\/p>\n","protected":false},"excerpt":{"rendered":"<p>Kurz vor der Fasnacht am Aeschermittwoch die volle Ladung Schnitzelb\u00e4nke geniessen am Schnitzelbank-Benefiz-Abend. Es treten rund acht top Schnitzelb\u00e4nke auf im fantastischen Ambiente eines der sch\u00f6nsten Cliquenkeller der Stadt (Stainlemer Alte Garde, Nadelberg 6). Vor, zwischen und nach den B\u00e4nken serviert das Team des unterst\u00fctzten Projektes und stellt w\u00e4hrend der Pause auch ihr Projekt vor.&hellip;&nbsp;<a href=\"https:\/\/schnitzelbank-benefiz-abend.ch\/?page_id=40\" rel=\"bookmark\">Weiterlesen &raquo;<span class=\"screen-reader-text\">Schnitzelbank-Abend<\/span><\/a><\/p>\n","protected":false},"author":2,"featured_media":0,"parent":0,"menu_order":0,"comment_status":"closed","ping_status":"closed","template":"","meta":{"neve_meta_sidebar":"","neve_meta_container":"","neve_meta_enable_content_width":"","neve_meta_content_width":0,"neve_meta_title_alignment":"","neve_meta_author_avatar":"","neve_post_elements_order":"","neve_meta_disable_header":"","neve_meta_disable_footer":"","neve_meta_disable_title":"","footnotes":""},"class_list":["post-40","page","type-page","status-publish","hentry"],"_links":{"self":[{"href":"https:\/\/schnitzelbank-benefiz-abend.ch\/index.php?rest_route=\/wp\/v2\/pages\/40","targetHints":{"allow":["GET"]}}],"collection":[{"href":"https:\/\/schnitzelbank-benefiz-abend.ch\/index.php?rest_route=\/wp\/v2\/pages"}],"about":[{"href":"https:\/\/schnitzelbank-benefiz-abend.ch\/index.php?rest_route=\/wp\/v2\/types\/page"}],"author":[{"embeddable":true,"href":"https:\/\/schnitzelbank-benefiz-abend.ch\/index.php?rest_route=\/wp\/v2\/users\/2"}],"replies":[{"embeddable":true,"href":"https:\/\/schnitzelbank-benefiz-abend.ch\/index.php?rest_route=%2Fwp%2Fv2%2Fcomments&post=40"}],"version-history":[{"count":31,"href":"https:\/\/schnitzelbank-benefiz-abend.ch\/index.php?rest_route=\/wp\/v2\/pages\/40\/revisions"}],"predecessor-version":[{"id":408,"href":"https:\/\/schnitzelbank-benefiz-abend.ch\/index.php?rest_route=\/wp\/v2\/pages\/40\/revisions\/408"}],"wp:attachment":[{"href":"https:\/\/schnitzelbank-benefiz-abend.ch\/index.php?rest_route=%2Fwp%2Fv2%2Fmedia&parent=40"}],"curies":[{"name":"wp","href":"https:\/\/api.w.org\/{rel}","templated":true}]}}