{"id":34,"date":"2022-11-01T07:31:21","date_gmt":"2022-11-01T07:31:21","guid":{"rendered":"https:\/\/schnitzelbank-benefiz-abend.ch\/?page_id=34"},"modified":"2026-03-14T16:23:12","modified_gmt":"2026-03-14T16:23:12","slug":"billet","status":"publish","type":"page","link":"https:\/\/schnitzelbank-benefiz-abend.ch\/?page_id=34","title":{"rendered":"Tickets"},"content":{"rendered":"\n<p>Alle G\u00e4ste vom Schnitzelbank Benefiz Abend 2026 haben im November 2026 die M\u00f6glichkeit ihr Vorverkaufsrecht zu nutzen, die Einladung erfolgt per Mail. Verbleibende Tickets werden chronologisch an die G\u00e4ste auf der Warteliste vergeben. <\/p>\n\n\n\n<p> <br>F\u00fcr die Warteliste 2027 kannst Du Dich jetzt schon eintragen lassen.<\/p>\n\n\n\n<p><br>Ablauf Ticketverkauf: <\/p>\n\n\n\n<ul class=\"wp-block-list\">\n<li>Nach der Anmeldung schicken wir Dir eine Best\u00e4tigung.<\/li>\n\n\n\n<li>Danach solltest du innert 10 Tagen den Ticketbetrag einzahlen.<br>Unsere IBAN-Nummer: CH11 0076 9439 1087 2200 1, Verein Schnitzelbank-Benefiz-Abend, 4450 Sissach.<\/li>\n\n\n\n<li>Wenn das Geld bei uns eingetroffen ist, erh\u00e4ltst Du eine Best\u00e4tigung, dass Du auf der G\u00e4steliste bist.<\/li>\n\n\n\n<li>Wir versenden keine Tickets, sondern begr\u00fcssen Dich am Schnitzelbank-Benefiz-Abend pers\u00f6nlich am Eingang.<\/li>\n\n\n\n<li>Deine Pl\u00e4tze sind alle am selben Tisch, dort ist dann &#8222;freie Platzwahl&#8220;.<\/li>\n<\/ul>\n\n\n\n<p><\/p>\n\n\n\n<div class=\"wp-block-contact-form-7-contact-form-selector\">\n<div class=\"wpcf7 no-js\" id=\"wpcf7-f67-o1\" lang=\"de-DE\" dir=\"ltr\" data-wpcf7-id=\"67\">\n<div class=\"screen-reader-response\"><p role=\"status\" aria-live=\"polite\" aria-atomic=\"true\"><\/p> <ul><\/ul><\/div>\n<form action=\"\/index.php?rest_route=%2Fwp%2Fv2%2Fpages%2F34#wpcf7-f67-o1\" method=\"post\" class=\"wpcf7-form init\" aria-label=\"Kontaktformular\" novalidate=\"novalidate\" data-status=\"init\">\n<fieldset class=\"hidden-fields-container\"><input type=\"hidden\" name=\"_wpcf7\" value=\"67\" \/><input type=\"hidden\" name=\"_wpcf7_version\" value=\"6.1.5\" \/><input type=\"hidden\" name=\"_wpcf7_locale\" value=\"de_DE\" \/><input type=\"hidden\" name=\"_wpcf7_unit_tag\" value=\"wpcf7-f67-o1\" \/><input type=\"hidden\" name=\"_wpcf7_container_post\" value=\"0\" \/><input type=\"hidden\" name=\"_wpcf7_posted_data_hash\" value=\"\" \/>\n<\/fieldset>\n<p><label> Dein Name<br \/>\n<span class=\"wpcf7-form-control-wrap\" data-name=\"your-name\"><input size=\"40\" maxlength=\"400\" class=\"wpcf7-form-control wpcf7-text wpcf7-validates-as-required\" aria-required=\"true\" aria-invalid=\"false\" value=\"\" type=\"text\" name=\"your-name\" \/><\/span> <\/label>\n<\/p>\n<p><label> Deine E-Mail-Adresse<br \/>\n<span class=\"wpcf7-form-control-wrap\" data-name=\"your-email\"><input size=\"40\" maxlength=\"400\" class=\"wpcf7-form-control wpcf7-email wpcf7-validates-as-required wpcf7-text wpcf7-validates-as-email\" aria-required=\"true\" aria-invalid=\"false\" value=\"\" type=\"email\" name=\"your-email\" \/><\/span> <\/label>\n<\/p>\n<p><label> Deine Adresse<br \/>\n<span class=\"wpcf7-form-control-wrap\" data-name=\"Adresse\"><input size=\"40\" maxlength=\"400\" class=\"wpcf7-form-control wpcf7-text wpcf7-validates-as-required\" aria-required=\"true\" aria-invalid=\"false\" value=\"\" type=\"text\" name=\"Adresse\" \/><\/span> <\/label>\n<\/p>\n<p><label> Platzanzahl (10 pro Tisch)<br \/>\n<span class=\"wpcf7-form-control-wrap\" data-name=\"Platzanzahl\"><input class=\"wpcf7-form-control wpcf7-number wpcf7-validates-as-number\" min=\"1\" max=\"10\" aria-invalid=\"false\" value=\"Anzahl Pl\u00e4tze (10 pro Tisch)\" type=\"number\" name=\"Platzanzahl\" \/><\/span><\/label>\n<\/p>\n<p><label> Deine Nachricht (optional)<br \/>\n<span class=\"wpcf7-form-control-wrap\" data-name=\"your-message\"><textarea cols=\"40\" rows=\"10\" maxlength=\"2000\" class=\"wpcf7-form-control wpcf7-textarea\" aria-invalid=\"false\" name=\"your-message\"><\/textarea><\/span> <\/label>\n<\/p>\n<p><input class=\"wpcf7-form-control wpcf7-submit has-spinner\" type=\"submit\" value=\"Senden\" \/>\n<\/p><div class=\"wpcf7-response-output\" aria-hidden=\"true\"><\/div>\n<\/form>\n<\/div>\n<\/div>\n\n\n\n<p>Hinweis: <br>Deine E-Mailadresse wird lediglich f\u00fcr die Reservation der Tickets, die Vorinformation \u00fcber den Start des Vorverkaufes oder f\u00fcr Feedback-Anfragen verwendet. Wir verwenden keine Cookies.<\/p>\n\n\n\n<p><\/p>\n\n\n\n<p><\/p>\n","protected":false},"excerpt":{"rendered":"<p>Alle G\u00e4ste vom Schnitzelbank Benefiz Abend 2026 haben im November 2026 die M\u00f6glichkeit ihr Vorverkaufsrecht zu nutzen, die Einladung erfolgt per Mail. Verbleibende Tickets werden chronologisch an die G\u00e4ste auf der Warteliste vergeben. F\u00fcr die Warteliste 2027 kannst Du Dich jetzt schon eintragen lassen. Ablauf Ticketverkauf: Hinweis: Deine E-Mailadresse wird lediglich f\u00fcr die Reservation der&hellip;&nbsp;<a href=\"https:\/\/schnitzelbank-benefiz-abend.ch\/?page_id=34\" rel=\"bookmark\">Weiterlesen &raquo;<span class=\"screen-reader-text\">Tickets<\/span><\/a><\/p>\n","protected":false},"author":2,"featured_media":0,"parent":0,"menu_order":0,"comment_status":"closed","ping_status":"closed","template":"","meta":{"neve_meta_sidebar":"","neve_meta_container":"","neve_meta_enable_content_width":"","neve_meta_content_width":0,"neve_meta_title_alignment":"","neve_meta_author_avatar":"","neve_post_elements_order":"","neve_meta_disable_header":"","neve_meta_disable_footer":"","neve_meta_disable_title":"","footnotes":""},"class_list":["post-34","page","type-page","status-publish","hentry"],"_links":{"self":[{"href":"https:\/\/schnitzelbank-benefiz-abend.ch\/index.php?rest_route=\/wp\/v2\/pages\/34","targetHints":{"allow":["GET"]}}],"collection":[{"href":"https:\/\/schnitzelbank-benefiz-abend.ch\/index.php?rest_route=\/wp\/v2\/pages"}],"about":[{"href":"https:\/\/schnitzelbank-benefiz-abend.ch\/index.php?rest_route=\/wp\/v2\/types\/page"}],"author":[{"embeddable":true,"href":"https:\/\/schnitzelbank-benefiz-abend.ch\/index.php?rest_route=\/wp\/v2\/users\/2"}],"replies":[{"embeddable":true,"href":"https:\/\/schnitzelbank-benefiz-abend.ch\/index.php?rest_route=%2Fwp%2Fv2%2Fcomments&post=34"}],"version-history":[{"count":22,"href":"https:\/\/schnitzelbank-benefiz-abend.ch\/index.php?rest_route=\/wp\/v2\/pages\/34\/revisions"}],"predecessor-version":[{"id":406,"href":"https:\/\/schnitzelbank-benefiz-abend.ch\/index.php?rest_route=\/wp\/v2\/pages\/34\/revisions\/406"}],"wp:attachment":[{"href":"https:\/\/schnitzelbank-benefiz-abend.ch\/index.php?rest_route=%2Fwp%2Fv2%2Fmedia&parent=34"}],"curies":[{"name":"wp","href":"https:\/\/api.w.org\/{rel}","templated":true}]}}