{"id":3,"date":"2022-09-20T13:15:29","date_gmt":"2022-09-20T13:15:29","guid":{"rendered":"https:\/\/schnitzelbank-benefiz-abend.ch\/?page_id=3"},"modified":"2025-11-07T14:22:49","modified_gmt":"2025-11-07T14:22:49","slug":"privacy-policy","status":"publish","type":"page","link":"https:\/\/schnitzelbank-benefiz-abend.ch\/?page_id=3","title":{"rendered":"Impressum"},"content":{"rendered":"\n<p>Unsere Webseiten-Adresse ist: https:\/\/schnitzelbank-benefiz-abend.ch.<\/p>\n\n\n\n<h2 class=\"wp-block-heading\">Inhaber und Betreiber der Webseite<\/h2>\n\n\n\n<p>Schnitzelbank-Benefiz-Abend<br>c\/o Aline Neuenschwander <br>Burgenrainweg 34<br>4450 Sissach <br><br>Der Schnitzelbank-Benefiz-Abend Verein ist ein Verein gem\u00e4ss Art. 60 ff. ZGB mit Sitz in Basel<\/p>\n\n\n\n<h2 class=\"wp-block-heading\">Entwicklungspartner<\/h2>\n\n\n\n<p>Hosting: Cyrill Gyger<br>Grafik: Michael Nussbaumer <\/p>\n\n\n\n<h2 class=\"wp-block-heading\">Urheberrecht<\/h2>\n\n\n\n<p>Das Urheberrecht an Informationen und Inhalten dieser Webseite steht dem Schnitzelbank-Benefiz-Abend oder demjenigen zu, der dem Schnitzelbank-Benefiz-Abend ein entsprechendes Nutzungsrecht zugesprochen hat.<\/p>\n\n\n\n<p>Die auf dem Web-Archiv enthaltenen Informationen werden der \u00d6ffentlichkeit zur privaten und nicht kommerziellen Nutzung zug\u00e4nglich gemacht. Durch das Herunterladen oder Kopieren von Inhalten, Bildern, Fotos, Videos, Audios oder anderen Dateien werden Ihnen vom Schnitzelbank-Benefiz-Abend keinerlei Rechte bez\u00fcglich der Inhalte \u00fcbertragen.<\/p>\n\n\n\n<p>Die Reproduktion jeglicher Elemente bedarf der vorg\u00e4ngigen schriftlichen Zustimmung des Schnitzelbank-Benefiz-Abend.<\/p>\n\n\n\n<h2 class=\"wp-block-heading\">Haftungsausschluss<\/h2>\n\n\n\n<p>Der Schnitzelbank-Benefiz-Abend achtet bei der Ver\u00f6ffentlichung von Informationen und Inhalten sorgf\u00e4ltig auf deren inhaltliche Richtigkeit, Genauigkeit, Aktualit\u00e4t, Zuverl\u00e4ssigkeit und Vollst\u00e4ndigkeit. Gleichwohl leistet der Schnitzelbank-Benefiz-Abend hierf\u00fcr keinerlei Gew\u00e4hr.<\/p>\n\n\n\n<p>Der Schnitzelbank-Benefiz-Abend beh\u00e4lt sich vor, jederzeit Inhalte ohne Ank\u00fcndigung ganz oder teilweise zu \u00e4ndern, zu l\u00f6schen oder zeitweise nicht zur Verf\u00fcgung zu stellen.<\/p>\n\n\n\n<p>Der Schnitzelbank-Benefiz-Abend lehnt jede Haftung ab f\u00fcr Sch\u00e4den materieller oder immaterieller Art, die aus dem Zugriff oder der Nutzung beziehungsweise der Nichtnutzung der ver\u00f6ffentlichten Informationen und Inhalten, durch Missbrauch der Verbindung, durch technische St\u00f6rungen oder anderweitig im Zusammenhang mit dieser Webseite entstanden sind.<\/p>\n\n\n\n<p>Verweise und Links auf Webseiten Dritter liegen ausserhalb des Verantwortungsbereichs des Schnitzelbank-Benefiz-Abends. Der Zugriff und die Nutzung solcher Webseiten erfolgen auf Ihre eigene Gefahr. Der Schnitzelbank-Benefiz-Abend erkl\u00e4rt, keinerlei Einfluss auf die Gestaltung, den Inhalt und die Angebote der verkn\u00fcpften Seiten zu haben. Informationen und Dienstleistungen von verkn\u00fcpften Webseiten liegen vollumf\u00e4nglich in der Verantwortung des jeweiligen Dritten.<\/p>\n\n\n\n<p>Es wird jegliche Verantwortung f\u00fcr solche Webseiten abgelehnt.<\/p>\n\n\n\n<h2 class=\"wp-block-heading\">Allgemeine Verkaufs- und Lieferbedingungen<\/h2>\n\n\n\n<p>Die Pr\u00e4sentation von Waren auf der Webseite durch das Schnitzelbank-Benefiz-Abend stellt kein verbindliches Angebot zum Vertragsschluss dar. Indem Sie eine Bestellung absenden, geben Sie ein verbindliches Angebot ab und erkl\u00e4ren sich mit diesen Verkaufs- und Lieferbedingungen einverstanden. Es gelten die Preise in CHF am Tag der Bestellung.<\/p>\n\n\n\n<p>Der Schnitzelbank-Benefiz-Abend bleibt frei, Ihr Angebot anzunehmen. Der Vertragsschluss erfolgt erst mit Versand der Ware durch den Schnitzelbank-Benefiz-Abend.<\/p>\n\n\n\n<p>Sollten die Angaben zu einem Artikel auf der Webseite falsch gewesen sein oder sollte ein Artikel nicht mehr verf\u00fcgbar sein, wird der Schnitzelbank-Benefiz-Abend nach M\u00f6glichkeit Ihnen ein Gegenangebot unterbreiten, \u00fcber dessen Annahme Sie frei entscheiden k\u00f6nnen.<\/p>\n\n\n\n<p>Sie sind verpflichtet, die Ware umgehend nach Eingang der Lieferung zu pr\u00fcfen. Etwaige Beanstandungen sind innert 5 Tagen nach Erhalt vorzunehmen. R\u00fccksendungen und Umtausch der Ware sind nur bei Falschlieferungen oder bei Besch\u00e4digungen, die durch den Schnitzelbank-Benefiz-Abend verursacht worden sind, m\u00f6glich.<\/p>\n\n\n\n<p>Die Rechnungsstellung erfolgt in der Regel mit Lieferung. Die Zahlung ist innert 30 Tagen netto f\u00e4llig. Der Schnitzelbank-Benefiz-Abend beh\u00e4lt sich das Recht vor, in Einzelf\u00e4llen oder generell Vorauszahlung zu verlangen.<\/p>\n\n\n\n<p>Diese Verkaufs- und Lieferbedingungen k\u00f6nnen durch den Schnitzelbank-Benefiz-Abend jederzeit ge\u00e4ndert werden. Die \u00c4nderungen treten umgehend in Kraft, wobei f\u00fcr bereits get\u00e4tigte Bestellungen die vormaligen Bestimmungen der Verkaufs- und Lieferbedingungen G\u00fcltigkeit behalten.<\/p>\n\n\n\n<p>Es gilt Schweizer Recht.<\/p>\n\n\n\n<h2 class=\"wp-block-heading\">Datenschutz<\/h2>\n\n\n\n<p>Der Schnitzelbank-Benefiz-Abend behandelt Ihre Personenbezogenen Daten im Einklang mit schweizerischem Recht sowie gem\u00e4ss dieser Datenschutzerkl\u00e4rung. Durch die Nutzung dieser Webseite erkl\u00e4ren Sie sich mit der Erhebung, Verarbeitung und Nutzung von Daten gem\u00e4ss der nachfolgenden Beschreibung einverstanden:<\/p>\n\n\n\n<p>Diese Webseite kann ohne Registrierung besucht werden. Es werden keine Cookies gespeichert. <\/p>\n\n\n\n<p>Wenn Sie dem Schnitzelbank-Benefiz-Abend per Kontaktformular Anfragen oder per Bestellformular Bestellungen zukommen lassen, werden Ihre Angaben aus dem Formular inklusive der von Ihnen dort angegebenen weiteren Kontaktdaten und Dateien zwecks Bearbeitung der Anfrage oder Bestellung sowie f\u00fcr den Fall von Anschlussfragen beim Schnitzelbank-Benefiz-Abend und\/oder bei Entwicklungspartnern gespeichert. Diese Daten gibt der Schnitzelbank-Benefiz-Abend nicht ohne Ihre Einwilligung weiter; sie k\u00f6nnen jedoch f\u00fcr eigene Marketingzwecke verwendet werden. Die von Ihnen im Kontakt- oder Bestellformular eingegebenen Daten verbleiben beim Schnitzelbank-Benefiz-Abend, bis Sie die L\u00f6schung verlangen oder bis der Zweck f\u00fcr die Datenspeicherung entf\u00e4llt. Gesetzliche Aufbewahrungsfristen bleiben davon unber\u00fchrt.<\/p>\n\n\n\n<p>In Zusammenarbeit mit den Hosting-Providern und den Entwicklungspartnern bem\u00fcht sich der Schnitzelbank-Benefiz-Abend, das System so gut wie m\u00f6glich vor fremden Zugriffen, Verlusten, Missbrauch oder vor F\u00e4lschung zu sch\u00fctzen.<\/p>\n\n\n\n<p>Basel, 1. November 2022<\/p>\n","protected":false},"excerpt":{"rendered":"<p>Unsere Webseiten-Adresse ist: https:\/\/schnitzelbank-benefiz-abend.ch. Inhaber und Betreiber der Webseite Schnitzelbank-Benefiz-Abendc\/o Aline Neuenschwander Burgenrainweg 344450 Sissach Der Schnitzelbank-Benefiz-Abend Verein ist ein Verein gem\u00e4ss Art. 60 ff. ZGB mit Sitz in Basel Entwicklungspartner Hosting: Cyrill GygerGrafik: Michael Nussbaumer Urheberrecht Das Urheberrecht an Informationen und Inhalten dieser Webseite steht dem Schnitzelbank-Benefiz-Abend oder demjenigen zu, der dem Schnitzelbank-Benefiz-Abend ein&hellip;&nbsp;<a href=\"https:\/\/schnitzelbank-benefiz-abend.ch\/?page_id=3\" rel=\"bookmark\">Weiterlesen &raquo;<span class=\"screen-reader-text\">Impressum<\/span><\/a><\/p>\n","protected":false},"author":1,"featured_media":0,"parent":0,"menu_order":0,"comment_status":"closed","ping_status":"open","template":"","meta":{"neve_meta_sidebar":"","neve_meta_container":"","neve_meta_enable_content_width":"","neve_meta_content_width":0,"neve_meta_title_alignment":"","neve_meta_author_avatar":"","neve_post_elements_order":"","neve_meta_disable_header":"","neve_meta_disable_footer":"","neve_meta_disable_title":"","footnotes":""},"class_list":["post-3","page","type-page","status-publish","hentry"],"_links":{"self":[{"href":"https:\/\/schnitzelbank-benefiz-abend.ch\/index.php?rest_route=\/wp\/v2\/pages\/3","targetHints":{"allow":["GET"]}}],"collection":[{"href":"https:\/\/schnitzelbank-benefiz-abend.ch\/index.php?rest_route=\/wp\/v2\/pages"}],"about":[{"href":"https:\/\/schnitzelbank-benefiz-abend.ch\/index.php?rest_route=\/wp\/v2\/types\/page"}],"author":[{"embeddable":true,"href":"https:\/\/schnitzelbank-benefiz-abend.ch\/index.php?rest_route=\/wp\/v2\/users\/1"}],"replies":[{"embeddable":true,"href":"https:\/\/schnitzelbank-benefiz-abend.ch\/index.php?rest_route=%2Fwp%2Fv2%2Fcomments&post=3"}],"version-history":[{"count":6,"href":"https:\/\/schnitzelbank-benefiz-abend.ch\/index.php?rest_route=\/wp\/v2\/pages\/3\/revisions"}],"predecessor-version":[{"id":381,"href":"https:\/\/schnitzelbank-benefiz-abend.ch\/index.php?rest_route=\/wp\/v2\/pages\/3\/revisions\/381"}],"wp:attachment":[{"href":"https:\/\/schnitzelbank-benefiz-abend.ch\/index.php?rest_route=%2Fwp%2Fv2%2Fmedia&parent=3"}],"curies":[{"name":"wp","href":"https:\/\/api.w.org\/{rel}","templated":true}]}}